{"id":126,"date":"2014-08-17T10:43:26","date_gmt":"2014-08-17T08:43:26","guid":{"rendered":"http:\/\/wp.musikverein-lehrensteinsfeld.de\/?page_id=126"},"modified":"2014-08-17T10:43:26","modified_gmt":"2014-08-17T08:43:26","slug":"vereinsleitung","status":"publish","type":"page","link":"https:\/\/mvl.phivas.de\/?page_id=126","title":{"rendered":"Vorstandsmitglieder"},"content":{"rendered":"<p class=\"contentheading\" style=\"color: #93246f;\"><strong><span style=\"color: #000000;\">Vorstand f\u00fcr \u00d6ffentlichkeitsarbeit und allgemeine Organisation:<\/span><br \/>\n<\/strong><span style=\"color: #000000;\">Klaus F\u00f6ll<\/span><br \/>\n<span style=\"color: #000000;\">Tel. 07131\/701448<\/span><br \/>\n<span style=\"color: #000000;\">klaus.foell\u00a0(at)\u00a0musikverein-lehrensteinsfeld.de<\/span><\/p>\n<p style=\"color: #000000;\"><span style=\"color: #000000;\"><strong> Vorstand f\u00fcr Wirtschaftsbetrieb und Finanzen:<\/strong><\/span><br \/>\nMoritz Bickel<br \/>\nTel. 0177\/1495949<br \/>\nmoritz.bickel\u00a0(at) musikverein-lehrensteinsfeld.de<\/p>\n<p style=\"color: #000000;\"><span style=\"color: #000000;\"><strong>Vorstand f\u00fcr Musik und Kultur:<\/strong><\/span><br \/>\nLaura Sch\u00fcle<br \/>\nlaura.schuele (at) musikverein-lehrensteinsfeld.de<\/p>\n","protected":false},"excerpt":{"rendered":"<p>Vorstand f\u00fcr \u00d6ffentlichkeitsarbeit und allgemeine Organisation: Klaus F\u00f6ll Tel. 07131\/701448 klaus.foell\u00a0(at)\u00a0musikverein-lehrensteinsfeld.de Vorstand f\u00fcr Wirtschaftsbetrieb und Finanzen: Moritz Bickel Tel. 0177\/1495949 moritz.bickel\u00a0(at) musikverein-lehrensteinsfeld.de Vorstand f\u00fcr Musik und Kultur: Laura Sch\u00fcle laura.schuele [&hellip;]<\/p>\n","protected":false},"author":1,"featured_media":0,"parent":0,"menu_order":0,"comment_status":"closed","ping_status":"closed","template":"","meta":{"site-sidebar-layout":"default","site-content-layout":"","ast-site-content-layout":"","site-content-style":"default","site-sidebar-style":"default","ast-global-header-display":"","ast-banner-title-visibility":"","ast-main-header-display":"","ast-hfb-above-header-display":"","ast-hfb-below-header-display":"","ast-hfb-mobile-header-display":"","site-post-title":"","ast-breadcrumbs-content":"","ast-featured-img":"","footer-sml-layout":"","theme-transparent-header-meta":"","adv-header-id-meta":"","stick-header-meta":"","header-above-stick-meta":"","header-main-stick-meta":"","header-below-stick-meta":"","astra-migrate-meta-layouts":"default","ast-page-background-enabled":"default","ast-page-background-meta":{"desktop":{"background-color":"var(--ast-global-color-5)","background-image":"","background-repeat":"repeat","background-position":"center center","background-size":"auto","background-attachment":"scroll","background-type":"","background-media":"","overlay-type":"","overlay-color":"","overlay-opacity":"","overlay-gradient":""},"tablet":{"background-color":"","background-image":"","background-repeat":"repeat","background-position":"center center","background-size":"auto","background-attachment":"scroll","background-type":"","background-media":"","overlay-type":"","overlay-color":"","overlay-opacity":"","overlay-gradient":""},"mobile":{"background-color":"","background-image":"","background-repeat":"repeat","background-position":"center center","background-size":"auto","background-attachment":"scroll","background-type":"","background-media":"","overlay-type":"","overlay-color":"","overlay-opacity":"","overlay-gradient":""}},"ast-content-background-meta":{"desktop":{"background-color":"var(--ast-global-color-4)","background-image":"","background-repeat":"repeat","background-position":"center center","background-size":"auto","background-attachment":"scroll","background-type":"","background-media":"","overlay-type":"","overlay-color":"","overlay-opacity":"","overlay-gradient":""},"tablet":{"background-color":"var(--ast-global-color-4)","background-image":"","background-repeat":"repeat","background-position":"center center","background-size":"auto","background-attachment":"scroll","background-type":"","background-media":"","overlay-type":"","overlay-color":"","overlay-opacity":"","overlay-gradient":""},"mobile":{"background-color":"var(--ast-global-color-4)","background-image":"","background-repeat":"repeat","background-position":"center center","background-size":"auto","background-attachment":"scroll","background-type":"","background-media":"","overlay-type":"","overlay-color":"","overlay-opacity":"","overlay-gradient":""}},"footnotes":""},"class_list":["post-126","page","type-page","status-publish","hentry"],"_links":{"self":[{"href":"https:\/\/mvl.phivas.de\/index.php?rest_route=\/wp\/v2\/pages\/126","targetHints":{"allow":["GET"]}}],"collection":[{"href":"https:\/\/mvl.phivas.de\/index.php?rest_route=\/wp\/v2\/pages"}],"about":[{"href":"https:\/\/mvl.phivas.de\/index.php?rest_route=\/wp\/v2\/types\/page"}],"author":[{"embeddable":true,"href":"https:\/\/mvl.phivas.de\/index.php?rest_route=\/wp\/v2\/users\/1"}],"replies":[{"embeddable":true,"href":"https:\/\/mvl.phivas.de\/index.php?rest_route=%2Fwp%2Fv2%2Fcomments&post=126"}],"version-history":[{"count":0,"href":"https:\/\/mvl.phivas.de\/index.php?rest_route=\/wp\/v2\/pages\/126\/revisions"}],"wp:attachment":[{"href":"https:\/\/mvl.phivas.de\/index.php?rest_route=%2Fwp%2Fv2%2Fmedia&parent=126"}],"curies":[{"name":"wp","href":"https:\/\/api.w.org\/{rel}","templated":true}]}}