{"id":171,"date":"2014-08-19T18:53:54","date_gmt":"2014-08-19T16:53:54","guid":{"rendered":"http:\/\/wp.musikverein-lehrensteinsfeld.de\/?page_id=171"},"modified":"2014-08-19T18:53:54","modified_gmt":"2014-08-19T16:53:54","slug":"mitglied-werden","status":"publish","type":"page","link":"https:\/\/mvl.phivas.de\/?page_id=171","title":{"rendered":"Mitglied werden"},"content":{"rendered":"<p><strong>Werden Sie Mitglied des Musikverein &#8218;Eintracht&#8216; Lehrensteinsfeld<\/strong><br \/>\nSchon mit einem Jahresbeitrag von 20,- Euro k\u00f6nnen Sie den Musikverein &#8218;Eintracht&#8216; Lehrensteinsfeld f\u00f6rdern.<\/p>\n<p>Sie unterst\u00fctzen damit<br \/>\n&#8211; einen bedeutenden Jugendf\u00f6rderer in Lehrensteinsfeld<br \/>\n&#8211; einen wichtigen Organisator f\u00fcr kulturelle Veranstaltungen<br \/>\n&#8211; einen bedeutenden Repr\u00e4sentanten der Gemeinde Lehrensteinsfeld<br \/>\n&#8211; den Erhalt und die Pflege der Musik und des \u00f6rtlichen Brauchtums<\/p>\n<p>Also einfach die Beitrittserkl\u00e4rung ausdrucken, ausf\u00fcllen und an den Musikverein &#8218;Eintracht&#8216; Lehrensteinsfeld, Finkenweg\u00a03, 74251 Lehrensteinsfeld, senden.<br \/>\nSelbstverst\u00e4ndlich k\u00f6nnen Sie Ihre Beitrittserkl\u00e4rung auch bei jedem aktiven Musiker abgeben oder zu einer unserer Veranstaltungen mitbringen.<\/p>\n<p><a href=\"http:\/\/musikverein-lehrensteinsfeld.de\/wp-content\/uploads\/2021\/10\/beitrittserklaerung.pdf\" target=\"_blank\" rel=\"noopener noreferrer\">Hier geht es zur\u00a0Beitrittserkl\u00e4rung<\/a><\/p>\n<p><a href=\"https:\/\/mvl.phivas.de\/wp-content\/uploads\/2014\/08\/satzung.pdf\" target=\"_blank\" rel=\"noopener noreferrer\">Hier geht es zur\u00a0Satzung<\/a><\/p>\n","protected":false},"excerpt":{"rendered":"<p>Werden Sie Mitglied des Musikverein &#8218;Eintracht&#8216; Lehrensteinsfeld Schon mit einem Jahresbeitrag von 20,- Euro k\u00f6nnen Sie den Musikverein &#8218;Eintracht&#8216; Lehrensteinsfeld f\u00f6rdern. Sie unterst\u00fctzen damit &#8211; einen bedeutenden Jugendf\u00f6rderer in Lehrensteinsfeld [&hellip;]<\/p>\n","protected":false},"author":1,"featured_media":0,"parent":0,"menu_order":0,"comment_status":"closed","ping_status":"closed","template":"","meta":{"site-sidebar-layout":"default","site-content-layout":"","ast-site-content-layout":"","site-content-style":"default","site-sidebar-style":"default","ast-global-header-display":"","ast-banner-title-visibility":"","ast-main-header-display":"","ast-hfb-above-header-display":"","ast-hfb-below-header-display":"","ast-hfb-mobile-header-display":"","site-post-title":"","ast-breadcrumbs-content":"","ast-featured-img":"","footer-sml-layout":"","theme-transparent-header-meta":"","adv-header-id-meta":"","stick-header-meta":"","header-above-stick-meta":"","header-main-stick-meta":"","header-below-stick-meta":"","astra-migrate-meta-layouts":"default","ast-page-background-enabled":"default","ast-page-background-meta":{"desktop":{"background-color":"var(--ast-global-color-5)","background-image":"","background-repeat":"repeat","background-position":"center center","background-size":"auto","background-attachment":"scroll","background-type":"","background-media":"","overlay-type":"","overlay-color":"","overlay-opacity":"","overlay-gradient":""},"tablet":{"background-color":"","background-image":"","background-repeat":"repeat","background-position":"center center","background-size":"auto","background-attachment":"scroll","background-type":"","background-media":"","overlay-type":"","overlay-color":"","overlay-opacity":"","overlay-gradient":""},"mobile":{"background-color":"","background-image":"","background-repeat":"repeat","background-position":"center center","background-size":"auto","background-attachment":"scroll","background-type":"","background-media":"","overlay-type":"","overlay-color":"","overlay-opacity":"","overlay-gradient":""}},"ast-content-background-meta":{"desktop":{"background-color":"var(--ast-global-color-4)","background-image":"","background-repeat":"repeat","background-position":"center center","background-size":"auto","background-attachment":"scroll","background-type":"","background-media":"","overlay-type":"","overlay-color":"","overlay-opacity":"","overlay-gradient":""},"tablet":{"background-color":"var(--ast-global-color-4)","background-image":"","background-repeat":"repeat","background-position":"center center","background-size":"auto","background-attachment":"scroll","background-type":"","background-media":"","overlay-type":"","overlay-color":"","overlay-opacity":"","overlay-gradient":""},"mobile":{"background-color":"var(--ast-global-color-4)","background-image":"","background-repeat":"repeat","background-position":"center center","background-size":"auto","background-attachment":"scroll","background-type":"","background-media":"","overlay-type":"","overlay-color":"","overlay-opacity":"","overlay-gradient":""}},"footnotes":""},"class_list":["post-171","page","type-page","status-publish","hentry"],"_links":{"self":[{"href":"https:\/\/mvl.phivas.de\/index.php?rest_route=\/wp\/v2\/pages\/171","targetHints":{"allow":["GET"]}}],"collection":[{"href":"https:\/\/mvl.phivas.de\/index.php?rest_route=\/wp\/v2\/pages"}],"about":[{"href":"https:\/\/mvl.phivas.de\/index.php?rest_route=\/wp\/v2\/types\/page"}],"author":[{"embeddable":true,"href":"https:\/\/mvl.phivas.de\/index.php?rest_route=\/wp\/v2\/users\/1"}],"replies":[{"embeddable":true,"href":"https:\/\/mvl.phivas.de\/index.php?rest_route=%2Fwp%2Fv2%2Fcomments&post=171"}],"version-history":[{"count":0,"href":"https:\/\/mvl.phivas.de\/index.php?rest_route=\/wp\/v2\/pages\/171\/revisions"}],"wp:attachment":[{"href":"https:\/\/mvl.phivas.de\/index.php?rest_route=%2Fwp%2Fv2%2Fmedia&parent=171"}],"curies":[{"name":"wp","href":"https:\/\/api.w.org\/{rel}","templated":true}]}}