{"id":2,"date":"2016-05-10T03:48:21","date_gmt":"2016-05-10T03:48:21","guid":{"rendered":"http:\/\/mvl.phivas.de\/?page_id=2"},"modified":"2025-04-18T22:16:06","modified_gmt":"2025-04-18T20:16:06","slug":"sample-page","status":"publish","type":"page","link":"https:\/\/mvl.phivas.de\/","title":{"rendered":"Startseite"},"content":{"rendered":"<p><strong>Willkommen beim Internetauftritt<\/strong><\/p>\n<p><strong>des Musikverein \u201aEintracht\u2018 Lehrensteinsfeld<\/strong><\/p>\n<p>Hier finden Sie Informationen \u00fcber unseren Verein<br \/>\nViel Spa\u00df beim Bl\u00e4ttern<\/p>\n<p>\u00dcbrigens:<br \/>\nWenn Sie ein Musikinstrument beherrschen und gerne in Gemeinschaft musizieren, kommen Sie doch einfach zu unserer Musikprobe.<br \/>\nWir proben regelm\u00e4\u00dfig am Dienstag, von 20.00 \u2013 22.00 Uhr, im Musikerheim in der M\u00fchlstra\u00dfe.<\/p>\n","protected":false},"excerpt":{"rendered":"<p>Willkommen beim Internetauftritt des Musikverein \u201aEintracht\u2018 Lehrensteinsfeld Hier finden Sie Informationen \u00fcber unseren Verein Viel Spa\u00df beim Bl\u00e4ttern \u00dcbrigens: Wenn Sie ein Musikinstrument beherrschen und gerne in Gemeinschaft musizieren, kommen [&hellip;]<\/p>\n","protected":false},"author":1,"featured_media":0,"parent":0,"menu_order":0,"comment_status":"closed","ping_status":"open","template":"","meta":{"site-sidebar-layout":"right-sidebar","site-content-layout":"","ast-site-content-layout":"","site-content-style":"default","site-sidebar-style":"default","ast-global-header-display":"","ast-banner-title-visibility":"","ast-main-header-display":"","ast-hfb-above-header-display":"","ast-hfb-below-header-display":"","ast-hfb-mobile-header-display":"","site-post-title":"","ast-breadcrumbs-content":"","ast-featured-img":"","footer-sml-layout":"","theme-transparent-header-meta":"","adv-header-id-meta":"","stick-header-meta":"","header-above-stick-meta":"","header-main-stick-meta":"","header-below-stick-meta":"","astra-migrate-meta-layouts":"default","ast-page-background-enabled":"default","ast-page-background-meta":{"desktop":{"background-color":"var(--ast-global-color-5)","background-image":"","background-repeat":"repeat","background-position":"center center","background-size":"auto","background-attachment":"scroll","background-type":"","background-media":"","overlay-type":"","overlay-color":"","overlay-opacity":"","overlay-gradient":""},"tablet":{"background-color":"","background-image":"","background-repeat":"repeat","background-position":"center center","background-size":"auto","background-attachment":"scroll","background-type":"","background-media":"","overlay-type":"","overlay-color":"","overlay-opacity":"","overlay-gradient":""},"mobile":{"background-color":"","background-image":"","background-repeat":"repeat","background-position":"center center","background-size":"auto","background-attachment":"scroll","background-type":"","background-media":"","overlay-type":"","overlay-color":"","overlay-opacity":"","overlay-gradient":""}},"ast-content-background-meta":{"desktop":{"background-color":"var(--ast-global-color-4)","background-image":"","background-repeat":"repeat","background-position":"center center","background-size":"auto","background-attachment":"scroll","background-type":"","background-media":"","overlay-type":"","overlay-color":"","overlay-opacity":"","overlay-gradient":""},"tablet":{"background-color":"var(--ast-global-color-4)","background-image":"","background-repeat":"repeat","background-position":"center center","background-size":"auto","background-attachment":"scroll","background-type":"","background-media":"","overlay-type":"","overlay-color":"","overlay-opacity":"","overlay-gradient":""},"mobile":{"background-color":"var(--ast-global-color-4)","background-image":"","background-repeat":"repeat","background-position":"center center","background-size":"auto","background-attachment":"scroll","background-type":"","background-media":"","overlay-type":"","overlay-color":"","overlay-opacity":"","overlay-gradient":""}},"footnotes":""},"class_list":["post-2","page","type-page","status-publish","hentry"],"_links":{"self":[{"href":"https:\/\/mvl.phivas.de\/index.php?rest_route=\/wp\/v2\/pages\/2","targetHints":{"allow":["GET"]}}],"collection":[{"href":"https:\/\/mvl.phivas.de\/index.php?rest_route=\/wp\/v2\/pages"}],"about":[{"href":"https:\/\/mvl.phivas.de\/index.php?rest_route=\/wp\/v2\/types\/page"}],"author":[{"embeddable":true,"href":"https:\/\/mvl.phivas.de\/index.php?rest_route=\/wp\/v2\/users\/1"}],"replies":[{"embeddable":true,"href":"https:\/\/mvl.phivas.de\/index.php?rest_route=%2Fwp%2Fv2%2Fcomments&post=2"}],"version-history":[{"count":2,"href":"https:\/\/mvl.phivas.de\/index.php?rest_route=\/wp\/v2\/pages\/2\/revisions"}],"predecessor-version":[{"id":2313,"href":"https:\/\/mvl.phivas.de\/index.php?rest_route=\/wp\/v2\/pages\/2\/revisions\/2313"}],"wp:attachment":[{"href":"https:\/\/mvl.phivas.de\/index.php?rest_route=%2Fwp%2Fv2%2Fmedia&parent=2"}],"curies":[{"name":"wp","href":"https:\/\/api.w.org\/{rel}","templated":true}]}}