{"id":23,"date":"2025-04-18T21:28:48","date_gmt":"2025-04-18T19:28:48","guid":{"rendered":"https:\/\/mvl.phivas.de\/?page_id=23"},"modified":"2025-04-18T21:30:47","modified_gmt":"2025-04-18T19:30:47","slug":"impressum","status":"publish","type":"page","link":"https:\/\/mvl.phivas.de\/?page_id=23","title":{"rendered":"Impressum"},"content":{"rendered":"\n<p><strong>Angaben gem\u00e4\u00df \u00a7 5 TMG:<\/strong><br>Musikverein \u201aEintracht\u2018 Lehrensteinsfeld e. V.<br>Klaus F\u00f6ll<br>Kelter\u00e4ckerstr. 24<br>74199 Untergruppenbach<\/p>\n\n\n\n<p><a href=\"https:\/\/mvl.phivas.de\/wp-content\/uploads\/2014\/08\/satzung.pdf\" target=\"_blank\" rel=\"noreferrer noopener\">Satzung<\/a><\/p>\n\n\n\n<p><strong>Vertreten durch:<\/strong><br>Klaus F\u00f6ll, Moritz Bickel, Laura Sch\u00fcle<\/p>\n\n\n\n<p><strong>Kontakt:<br><\/strong>Telefon: 07131-701448<br>E-Mail: vereinsleitung (at) musikverein-lehrensteinsfeld.de<\/p>\n\n\n\n<p><strong>Eintragung im Vereinsregister:<\/strong><br>Registergericht: Amtsgericht Stuttgart<br>Registernummer: VR1102<\/p>\n","protected":false},"excerpt":{"rendered":"<p>Angaben gem\u00e4\u00df \u00a7 5 TMG:Musikverein \u201aEintracht\u2018 Lehrensteinsfeld e. V.Klaus F\u00f6llKelter\u00e4ckerstr. 2474199 Untergruppenbach Satzung Vertreten durch:Klaus F\u00f6ll, Moritz Bickel, Laura Sch\u00fcle Kontakt:Telefon: 07131-701448E-Mail: vereinsleitung (at) musikverein-lehrensteinsfeld.de Eintragung im Vereinsregister:Registergericht: Amtsgericht StuttgartRegisternummer: [&hellip;]<\/p>\n","protected":false},"author":1,"featured_media":0,"parent":0,"menu_order":0,"comment_status":"closed","ping_status":"closed","template":"","meta":{"site-sidebar-layout":"default","site-content-layout":"","ast-site-content-layout":"","site-content-style":"default","site-sidebar-style":"default","ast-global-header-display":"","ast-banner-title-visibility":"","ast-main-header-display":"","ast-hfb-above-header-display":"","ast-hfb-below-header-display":"","ast-hfb-mobile-header-display":"","site-post-title":"","ast-breadcrumbs-content":"","ast-featured-img":"","footer-sml-layout":"","theme-transparent-header-meta":"","adv-header-id-meta":"","stick-header-meta":"","header-above-stick-meta":"","header-main-stick-meta":"","header-below-stick-meta":"","astra-migrate-meta-layouts":"default","ast-page-background-enabled":"default","ast-page-background-meta":{"desktop":{"background-color":"var(--ast-global-color-5)","background-image":"","background-repeat":"repeat","background-position":"center center","background-size":"auto","background-attachment":"scroll","background-type":"","background-media":"","overlay-type":"","overlay-color":"","overlay-opacity":"","overlay-gradient":""},"tablet":{"background-color":"","background-image":"","background-repeat":"repeat","background-position":"center center","background-size":"auto","background-attachment":"scroll","background-type":"","background-media":"","overlay-type":"","overlay-color":"","overlay-opacity":"","overlay-gradient":""},"mobile":{"background-color":"","background-image":"","background-repeat":"repeat","background-position":"center center","background-size":"auto","background-attachment":"scroll","background-type":"","background-media":"","overlay-type":"","overlay-color":"","overlay-opacity":"","overlay-gradient":""}},"ast-content-background-meta":{"desktop":{"background-color":"var(--ast-global-color-4)","background-image":"","background-repeat":"repeat","background-position":"center center","background-size":"auto","background-attachment":"scroll","background-type":"","background-media":"","overlay-type":"","overlay-color":"","overlay-opacity":"","overlay-gradient":""},"tablet":{"background-color":"var(--ast-global-color-4)","background-image":"","background-repeat":"repeat","background-position":"center center","background-size":"auto","background-attachment":"scroll","background-type":"","background-media":"","overlay-type":"","overlay-color":"","overlay-opacity":"","overlay-gradient":""},"mobile":{"background-color":"var(--ast-global-color-4)","background-image":"","background-repeat":"repeat","background-position":"center center","background-size":"auto","background-attachment":"scroll","background-type":"","background-media":"","overlay-type":"","overlay-color":"","overlay-opacity":"","overlay-gradient":""}},"footnotes":""},"class_list":["post-23","page","type-page","status-publish","hentry"],"_links":{"self":[{"href":"https:\/\/mvl.phivas.de\/index.php?rest_route=\/wp\/v2\/pages\/23","targetHints":{"allow":["GET"]}}],"collection":[{"href":"https:\/\/mvl.phivas.de\/index.php?rest_route=\/wp\/v2\/pages"}],"about":[{"href":"https:\/\/mvl.phivas.de\/index.php?rest_route=\/wp\/v2\/types\/page"}],"author":[{"embeddable":true,"href":"https:\/\/mvl.phivas.de\/index.php?rest_route=\/wp\/v2\/users\/1"}],"replies":[{"embeddable":true,"href":"https:\/\/mvl.phivas.de\/index.php?rest_route=%2Fwp%2Fv2%2Fcomments&post=23"}],"version-history":[{"count":2,"href":"https:\/\/mvl.phivas.de\/index.php?rest_route=\/wp\/v2\/pages\/23\/revisions"}],"predecessor-version":[{"id":29,"href":"https:\/\/mvl.phivas.de\/index.php?rest_route=\/wp\/v2\/pages\/23\/revisions\/29"}],"wp:attachment":[{"href":"https:\/\/mvl.phivas.de\/index.php?rest_route=%2Fwp%2Fv2%2Fmedia&parent=23"}],"curies":[{"name":"wp","href":"https:\/\/api.w.org\/{rel}","templated":true}]}}