{"id":36,"date":"2014-08-13T15:03:10","date_gmt":"2014-08-13T13:03:10","guid":{"rendered":"http:\/\/wp.musikverein-lehrensteinsfeld.de\/?page_id=10"},"modified":"2014-08-13T15:03:10","modified_gmt":"2014-08-13T13:03:10","slug":"unserverein","status":"publish","type":"page","link":"https:\/\/mvl.phivas.de\/?page_id=36","title":{"rendered":"Unser Verein &#8211; kurz und b\u00fcndig"},"content":{"rendered":"<p><strong>Im Jahre 1927, fanden sich 9 Lehrensteinsfelder zusammen, um einen Musikverein zu gr\u00fcnden. Sie konnten weder Noten lesen &#8211; geschweige denn musizieren &#8211; noch hatten sie Instrumente. Sie hatten nichts als ihre Liebe zur Blasmusik &#8211; und das gen\u00fcgte, wie die nun \u00fcber 80-j\u00e4hrige Geschichte beweist.<br \/>\n<\/strong><br \/>\nDer erste Vorstand des Musikvereins &#8222;Eintracht&#8220;, war damals Adolf Marian. Die weiteren Gr\u00fcndungsmitglieder waren: Rudolf Braun, Eugen Frank, Paul Maier, Adolf M\u00fcller, Gottlob M\u00fcller, Robert M\u00fcller, Karl Ramm und Karl Reichert. Der Dirigent Karl Schaffert aus Heilbronn brachte die Lerneifrigen &#8211; ein \u00dcbungsraum musste von Mal zu Mal gefunden werden &#8211; bald soweit, dass sie bei Kirchweihspielen und anderen Gelegenheiten, auch ausw\u00e4rts, das Geld f\u00fcr die Instrumente so nach und nach wieder herein bekamen. Auch passive Mitglieder unterst\u00fctzten den jungen Verein, so dass man nach der ersten Winterfeier 1930 \u00fcber den Berg war.<\/p>\n<p>Der zweite Weltkrieg brachte einen gro\u00dfen Einschnitt in die junge Vereinsgeschichte. Wie man am Bild links jedoch erkennen kann, gelang es bereits bis zum Jahr 1952 wieder eine f\u00fcr damalige Verh\u00e4ltnisse doch sehr gro\u00dfe Kapelle aufzubauen.<br \/>\nKaum einer der damaligen Musiker h\u00e4tte sich je ertr\u00e4umt, dass aus diesen Anf\u00e4ngen einmal eine Musikkapelle mit insgesamt 92 aktiven Musikerinnen und Musikern entstehen k\u00f6nnte.<\/p>\n<p>Als Mitglied im Blasmusikverband Baden-W\u00fcrttemberg, hat sich der Musikverein &#8218;Eintracht&#8216; Lehrensteinsfeld auch au\u00dferhalb der Kreis- und Landesgrenzen einen Namen gemacht. Die intensive Aus- und Fortbildung sowie eine sehr aktive Jugendarbeit haben dazu gef\u00fchrt, da\u00df der Musikverein &#8218;Eintracht&#8216; sich fest in der Oberstufe etablieren konnte.<\/p>\n<p>Das musikalische Repertoire umfasst das gesamte Spektrum der instrumentalen Blasmusik, von konzertanter Musik \u00fcber Unterhaltungs- und Tanzmusik bis hin zur Kirchenmusik.<br \/>\nAls wichtiger Kulturtr\u00e4ger Lehrensteinsfelds nimmt die &#8218;Eintracht&#8216; nicht nur aktiv an den allj\u00e4hrlichen gesellschaftlichen Veranstaltungen der weltlichen und kirchlichen Gemeinde teil, sondern tr\u00e4gt den Namen der Gemeinde auch weit \u00fcber die Landesgrenzen hinaus, was mittlerweile zu insgesamt 5 Konzertreisen in den S\u00fcden, Osten und Westen der USA sowie nach Italien und England f\u00fchrte.<\/p>\n","protected":false},"excerpt":{"rendered":"<p>Im Jahre 1927, fanden sich 9 Lehrensteinsfelder zusammen, um einen Musikverein zu gr\u00fcnden. Sie konnten weder Noten lesen &#8211; geschweige denn musizieren &#8211; noch hatten sie Instrumente. Sie hatten nichts [&hellip;]<\/p>\n","protected":false},"author":1,"featured_media":0,"parent":0,"menu_order":0,"comment_status":"closed","ping_status":"closed","template":"","meta":{"site-sidebar-layout":"default","site-content-layout":"","ast-site-content-layout":"","site-content-style":"default","site-sidebar-style":"default","ast-global-header-display":"","ast-banner-title-visibility":"","ast-main-header-display":"","ast-hfb-above-header-display":"","ast-hfb-below-header-display":"","ast-hfb-mobile-header-display":"","site-post-title":"","ast-breadcrumbs-content":"","ast-featured-img":"","footer-sml-layout":"","theme-transparent-header-meta":"","adv-header-id-meta":"","stick-header-meta":"","header-above-stick-meta":"","header-main-stick-meta":"","header-below-stick-meta":"","astra-migrate-meta-layouts":"default","ast-page-background-enabled":"default","ast-page-background-meta":{"desktop":{"background-color":"var(--ast-global-color-5)","background-image":"","background-repeat":"repeat","background-position":"center center","background-size":"auto","background-attachment":"scroll","background-type":"","background-media":"","overlay-type":"","overlay-color":"","overlay-opacity":"","overlay-gradient":""},"tablet":{"background-color":"","background-image":"","background-repeat":"repeat","background-position":"center center","background-size":"auto","background-attachment":"scroll","background-type":"","background-media":"","overlay-type":"","overlay-color":"","overlay-opacity":"","overlay-gradient":""},"mobile":{"background-color":"","background-image":"","background-repeat":"repeat","background-position":"center center","background-size":"auto","background-attachment":"scroll","background-type":"","background-media":"","overlay-type":"","overlay-color":"","overlay-opacity":"","overlay-gradient":""}},"ast-content-background-meta":{"desktop":{"background-color":"var(--ast-global-color-4)","background-image":"","background-repeat":"repeat","background-position":"center center","background-size":"auto","background-attachment":"scroll","background-type":"","background-media":"","overlay-type":"","overlay-color":"","overlay-opacity":"","overlay-gradient":""},"tablet":{"background-color":"var(--ast-global-color-4)","background-image":"","background-repeat":"repeat","background-position":"center center","background-size":"auto","background-attachment":"scroll","background-type":"","background-media":"","overlay-type":"","overlay-color":"","overlay-opacity":"","overlay-gradient":""},"mobile":{"background-color":"var(--ast-global-color-4)","background-image":"","background-repeat":"repeat","background-position":"center center","background-size":"auto","background-attachment":"scroll","background-type":"","background-media":"","overlay-type":"","overlay-color":"","overlay-opacity":"","overlay-gradient":""}},"footnotes":""},"class_list":["post-36","page","type-page","status-publish","hentry"],"_links":{"self":[{"href":"https:\/\/mvl.phivas.de\/index.php?rest_route=\/wp\/v2\/pages\/36","targetHints":{"allow":["GET"]}}],"collection":[{"href":"https:\/\/mvl.phivas.de\/index.php?rest_route=\/wp\/v2\/pages"}],"about":[{"href":"https:\/\/mvl.phivas.de\/index.php?rest_route=\/wp\/v2\/types\/page"}],"author":[{"embeddable":true,"href":"https:\/\/mvl.phivas.de\/index.php?rest_route=\/wp\/v2\/users\/1"}],"replies":[{"embeddable":true,"href":"https:\/\/mvl.phivas.de\/index.php?rest_route=%2Fwp%2Fv2%2Fcomments&post=36"}],"version-history":[{"count":0,"href":"https:\/\/mvl.phivas.de\/index.php?rest_route=\/wp\/v2\/pages\/36\/revisions"}],"wp:attachment":[{"href":"https:\/\/mvl.phivas.de\/index.php?rest_route=%2Fwp%2Fv2%2Fmedia&parent=36"}],"curies":[{"name":"wp","href":"https:\/\/api.w.org\/{rel}","templated":true}]}}